{"id":242,"date":"2024-09-20T22:38:23","date_gmt":"2024-09-20T22:38:23","guid":{"rendered":"https:\/\/paperdesign.mx\/?page_id=242"},"modified":"2025-11-24T21:13:10","modified_gmt":"2025-11-24T21:13:10","slug":"agenda2025","status":"publish","type":"page","link":"https:\/\/paperdesign.mx\/","title":{"rendered":"agenda2026"},"content":{"rendered":"<p>[et_pb_section fb_built=\u00bb1&#8243; _builder_version=\u00bb4.20.2&#8243; _module_preset=\u00bbdefault\u00bb custom_padding=\u00bb18px||11px|||\u00bb global_colors_info=\u00bb{}\u00bb][et_pb_row _builder_version=\u00bb4.27.2&#8243; _module_preset=\u00bbdefault\u00bb custom_margin=\u00bb24px|auto||auto||\u00bb custom_margin_tablet=\u00bb24px|auto||auto||\u00bb custom_margin_phone=\u00bb0px|auto||auto|false|false\u00bb custom_margin_last_edited=\u00bbon|phone\u00bb custom_padding=\u00bb9px|||||\u00bb global_colors_info=\u00bb{}\u00bb][et_pb_column type=\u00bb4_4&#8243; _builder_version=\u00bb4.20.2&#8243; _module_preset=\u00bbdefault\u00bb global_colors_info=\u00bb{}\u00bb][et_pb_text _builder_version=\u00bb4.27.2&#8243; _module_preset=\u00bbdefault\u00bb text_font_size=\u00bb25px\u00bb text_orientation=\u00bbcenter\u00bb text_font_size_tablet=\u00bb25px\u00bb text_font_size_phone=\u00bb20px\u00bb text_font_size_last_edited=\u00bbon|phone\u00bb global_colors_info=\u00bb{}\u00bb]<\/p>\n<h1>Agenda 2026<\/h1>\n<p>[\/et_pb_text][et_pb_text _builder_version=\u00bb4.27.2&#8243; _module_preset=\u00bbdefault\u00bb text_font=\u00bb|300|||||||\u00bb text_font_size=\u00bb17px\u00bb text_line_height=\u00bb1.8em\u00bb text_orientation=\u00bbcenter\u00bb text_font_size_tablet=\u00bb25px\u00bb text_font_size_phone=\u00bb20px\u00bb text_font_size_last_edited=\u00bbon|phone\u00bb global_colors_info=\u00bb{}\u00bb]<\/p>\n<p>Tu nuevo comienzo, en papel.<br \/>Dise\u00f1ada para quienes valoran la calma, la organizaci\u00f3n y los detalles.<br \/>Las <strong>Agendas 2026 Paper Design<\/strong> combinan funcionalidad y est\u00e9tica minimalista para acompa\u00f1arte durante todo el a\u00f1o.<\/p>\n<p>Cada p\u00e1gina invita a planear con intenci\u00f3n y disfruta el proceso.<br \/>Incluye secciones exclusivas que te ayudar\u00e1n a mantener el equilibrio entre tus metas, tu v\u00eda a d\u00f1ia y tus momentos personales.<\/p>\n<p>[\/et_pb_text][\/et_pb_column][\/et_pb_row][et_pb_row column_structure=\u00bb1_2,1_2&#8243; _builder_version=\u00bb4.27.2&#8243; _module_preset=\u00bbdefault\u00bb custom_padding=\u00bb0px|||||\u00bb global_colors_info=\u00bb{}\u00bb][et_pb_column type=\u00bb1_2&#8243; _builder_version=\u00bb4.27.2&#8243; _module_preset=\u00bbdefault\u00bb global_colors_info=\u00bb{}\u00bb][et_pb_gallery gallery_ids=\u00bb27190,27188,27189,27186,27191&#8243; fullwidth=\u00bbon\u00bb dbdb_version=\u00bb3.9.1&#8243; _builder_version=\u00bb4.27.2&#8243; _module_preset=\u00bbdefault\u00bb auto=\u00bbon\u00bb auto_speed=\u00bb5000&#8243; global_colors_info=\u00bb{}\u00bb][\/et_pb_gallery][et_pb_button button_url=\u00bbhttps:\/\/wa.link\/57lgz8&#8243; url_new_window=\u00bbon\u00bb button_text=\u00bbcomprar agenda\u00bb button_alignment=\u00bbcenter\u00bb _builder_version=\u00bb4.27.2&#8243; _module_preset=\u00bbdefault\u00bb custom_button=\u00bbon\u00bb button_text_size=\u00bb15px\u00bb global_colors_info=\u00bb{}\u00bb][\/et_pb_button][\/et_pb_column][et_pb_column type=\u00bb1_2&#8243; _builder_version=\u00bb4.27.2&#8243; _module_preset=\u00bbdefault\u00bb global_colors_info=\u00bb{}\u00bb][et_pb_text _builder_version=\u00bb4.27.2&#8243; _module_preset=\u00bbdefault\u00bb text_font_size=\u00bb19px\u00bb text_line_height=\u00bb1.8em\u00bb text_orientation=\u00bbcenter\u00bb custom_margin=\u00bb||15px|||\u00bb global_colors_info=\u00bb{}\u00bb]<\/p>\n<p>\u2728 Agenda 2026 \u2728<br \/>Vista Semana Completa<\/p>\n<p>[\/et_pb_text][et_pb_text _builder_version=\u00bb4.27.2&#8243; _module_preset=\u00bbdefault\u00bb text_font=\u00bb|300|||||||\u00bb text_font_size=\u00bb18px\u00bb text_line_height=\u00bb1.8em\u00bb text_orientation=\u00bbcenter\u00bb global_colors_info=\u00bb{}\u00bb]<\/p>\n<p>\u2714\ufe0f Sobre para guardar documentos<br \/>\u2714\ufe0f Hoja de Stikers<br \/>\u2714\ufe0f Libros por Leer<br \/>\u2714\ufe0f Peliculas y Series<br \/>\u2714\ufe0f Planeaci\u00f3n de Viaje<br \/>\u2714\ufe0f Planeaci\u00f3n Anual<br \/>\u2714\ufe0f Informacion Personal<br \/>\u2714\ufe0f Calendario<br \/>\u2714\ufe0f Contrase\u00f1as<br \/>\u2714\ufe0f Cumplea\u00f1os<br \/>\u2714\ufe0f Vision Board<br \/>\u2714\ufe0f Plan de Gastos<br \/>\u2714\ufe0f Calendario Mensual<br \/>\u2714\ufe0f Planificador Semanal<br \/>\u2714\ufe0f Notas<\/p>\n<p>[\/et_pb_text][\/et_pb_column][\/et_pb_row][et_pb_row _builder_version=\u00bb4.27.2&#8243; _module_preset=\u00bbdefault\u00bb custom_margin=\u00bb24px|auto||auto||\u00bb custom_margin_tablet=\u00bb24px|auto||auto||\u00bb custom_margin_phone=\u00bb0px|auto||auto|false|false\u00bb custom_margin_last_edited=\u00bbon|phone\u00bb custom_padding=\u00bb9px||10px|||\u00bb global_colors_info=\u00bb{}\u00bb][et_pb_column type=\u00bb4_4&#8243; _builder_version=\u00bb4.20.2&#8243; _module_preset=\u00bbdefault\u00bb global_colors_info=\u00bb{}\u00bb][et_pb_text _builder_version=\u00bb4.27.2&#8243; _module_preset=\u00bbdefault\u00bb text_font=\u00bb|300|||||||\u00bb text_font_size=\u00bb17px\u00bb text_line_height=\u00bb1.8em\u00bb text_orientation=\u00bbcenter\u00bb text_font_size_tablet=\u00bb25px\u00bb text_font_size_phone=\u00bb20px\u00bb text_font_size_last_edited=\u00bbon|phone\u00bb global_colors_info=\u00bb{}\u00bb]<\/p>\n<h1>Pedidos al 624 161 83 19<\/h1>\n<p>[\/et_pb_text][\/et_pb_column][\/et_pb_row][et_pb_row _builder_version=\u00bb4.27.2&#8243; _module_preset=\u00bbdefault\u00bb global_colors_info=\u00bb{}\u00bb][et_pb_column type=\u00bb4_4&#8243; _builder_version=\u00bb4.27.2&#8243; _module_preset=\u00bbdefault\u00bb global_colors_info=\u00bb{}\u00bb][et_pb_shop type=\u00bbproduct_category\u00bb sale_badge_color=\u00bb#E02B20&#8243; icon_hover_color=\u00bb#E02B20&#8243; _builder_version=\u00bb4.27.2&#8243; _module_preset=\u00bbdefault\u00bb hover_enabled=\u00bb0&#8243; global_colors_info=\u00bb{}\u00bb include_categories=\u00bb19&#8243; sticky_enabled=\u00bb0&#8243;][\/et_pb_shop][\/et_pb_column][\/et_pb_row][\/et_pb_section]<\/p>\n","protected":false},"excerpt":{"rendered":"<p>Agenda 2026Tu nuevo comienzo, en papel.Dise\u00f1ada para quienes valoran la calma, la organizaci\u00f3n y los detalles.Las Agendas 2026 Paper Design combinan funcionalidad y est\u00e9tica minimalista para acompa\u00f1arte durante todo el a\u00f1o. Cada p\u00e1gina invita a planear con intenci\u00f3n y disfruta el proceso.Incluye secciones exclusivas que te ayudar\u00e1n a mantener el equilibrio entre tus metas, tu [&hellip;]<\/p>\n","protected":false},"author":1,"featured_media":0,"parent":0,"menu_order":0,"comment_status":"closed","ping_status":"closed","template":"","meta":{"_et_pb_use_builder":"on","_et_pb_old_content":"","_et_gb_content_width":"","footnotes":""},"class_list":["post-242","page","type-page","status-publish","hentry"],"_links":{"self":[{"href":"https:\/\/paperdesign.mx\/index.php\/wp-json\/wp\/v2\/pages\/242","targetHints":{"allow":["GET"]}}],"collection":[{"href":"https:\/\/paperdesign.mx\/index.php\/wp-json\/wp\/v2\/pages"}],"about":[{"href":"https:\/\/paperdesign.mx\/index.php\/wp-json\/wp\/v2\/types\/page"}],"author":[{"embeddable":true,"href":"https:\/\/paperdesign.mx\/index.php\/wp-json\/wp\/v2\/users\/1"}],"replies":[{"embeddable":true,"href":"https:\/\/paperdesign.mx\/index.php\/wp-json\/wp\/v2\/comments?post=242"}],"version-history":[{"count":27,"href":"https:\/\/paperdesign.mx\/index.php\/wp-json\/wp\/v2\/pages\/242\/revisions"}],"predecessor-version":[{"id":27255,"href":"https:\/\/paperdesign.mx\/index.php\/wp-json\/wp\/v2\/pages\/242\/revisions\/27255"}],"wp:attachment":[{"href":"https:\/\/paperdesign.mx\/index.php\/wp-json\/wp\/v2\/media?parent=242"}],"curies":[{"name":"wp","href":"https:\/\/api.w.org\/{rel}","templated":true}]}}